{"id":6672,"date":"2022-03-04T13:23:52","date_gmt":"2022-03-04T13:23:52","guid":{"rendered":"https:\/\/eurofenster-snc.it\/kontakt\/"},"modified":"2022-11-11T14:44:35","modified_gmt":"2022-11-11T14:44:35","slug":"kontakt","status":"publish","type":"page","link":"https:\/\/eurofenster-snc.it\/de\/kontakt\/","title":{"rendered":"Kontakt"},"content":{"rendered":"\t\t<div data-elementor-type=\"wp-page\" data-elementor-id=\"6672\" class=\"elementor elementor-6672 elementor-167\" data-elementor-post-type=\"page\">\n\t\t\t\t\t\t<section class=\"elementor-section elementor-top-section elementor-element elementor-element-3d9e0972 elementor-section-full_width elementor-section-content-bottom elementor-section-height-default elementor-section-height-default\" data-id=\"3d9e0972\" data-element_type=\"section\" data-e-type=\"section\" data-settings=\"{&quot;background_background&quot;:&quot;classic&quot;}\">\n\t\t\t\t\t\t\t<div class=\"elementor-background-overlay\"><\/div>\n\t\t\t\t\t\t\t<div class=\"elementor-container elementor-column-gap-no\">\n\t\t\t\t\t<div class=\"elementor-column elementor-col-50 elementor-top-column elementor-element elementor-element-3a3ee5b5\" data-id=\"3a3ee5b5\" data-element_type=\"column\" data-e-type=\"column\" data-settings=\"{&quot;background_background&quot;:&quot;classic&quot;}\">\n\t\t\t<div class=\"elementor-widget-wrap elementor-element-populated\">\n\t\t\t\t\t\t<div class=\"elementor-element elementor-element-1248751a elementor-widget elementor-widget-breadcrumbs\" data-id=\"1248751a\" data-element_type=\"widget\" data-e-type=\"widget\" data-widget_type=\"breadcrumbs.default\">\n\t\t\t\t<div class=\"elementor-widget-container\">\n\t\t\t\t\t<p id=\"breadcrumbs\"><span><span><a href=\"https:\/\/eurofenster-snc.it\/de\/\">Home<\/a><\/span><\/span><\/p>\t\t\t\t<\/div>\n\t\t\t\t<\/div>\n\t\t\t\t<div class=\"elementor-element elementor-element-15be086a elementor-widget elementor-widget-heading\" data-id=\"15be086a\" data-element_type=\"widget\" data-e-type=\"widget\" data-widget_type=\"heading.default\">\n\t\t\t\t<div class=\"elementor-widget-container\">\n\t\t\t\t\t<h1 class=\"elementor-heading-title elementor-size-default\">Kontakt<\/h1>\t\t\t\t<\/div>\n\t\t\t\t<\/div>\n\t\t\t\t<div class=\"elementor-element elementor-element-500d785e elementor-widget elementor-widget-text-editor\" data-id=\"500d785e\" data-element_type=\"widget\" data-e-type=\"widget\" data-widget_type=\"text-editor.default\">\n\t\t\t\t<div class=\"elementor-widget-container\">\n\t\t\t\t\t\t\t\t\t<p>Einbau von Fenstern und T\u00fcren in Bozen<\/p>\n\t\t\t\t\t\t\t\t<\/div>\n\t\t\t\t<\/div>\n\t\t\t\t\t<\/div>\n\t\t<\/div>\n\t\t\t\t<div class=\"elementor-column elementor-col-50 elementor-top-column elementor-element elementor-element-5c2ee931 elementor-hidden-tablet\" data-id=\"5c2ee931\" data-element_type=\"column\" data-e-type=\"column\" data-settings=\"{&quot;background_background&quot;:&quot;classic&quot;}\">\n\t\t\t<div class=\"elementor-widget-wrap\">\n\t\t\t\t\t\t\t<\/div>\n\t\t<\/div>\n\t\t\t\t\t<\/div>\n\t\t<\/section>\n\t\t\t\t<section class=\"elementor-section elementor-top-section elementor-element elementor-element-7269b34b elementor-section-content-top elementor-section-boxed elementor-section-height-default elementor-section-height-default\" data-id=\"7269b34b\" data-element_type=\"section\" data-e-type=\"section\" data-settings=\"{&quot;background_background&quot;:&quot;classic&quot;}\">\n\t\t\t\t\t\t<div class=\"elementor-container elementor-column-gap-no\">\n\t\t\t\t\t<div class=\"elementor-column elementor-col-50 elementor-top-column elementor-element elementor-element-5d48ace2\" data-id=\"5d48ace2\" data-element_type=\"column\" data-e-type=\"column\">\n\t\t\t<div class=\"elementor-widget-wrap elementor-element-populated\">\n\t\t\t\t\t\t<div class=\"elementor-element elementor-element-e028104 elementor-widget elementor-widget-heading\" data-id=\"e028104\" data-element_type=\"widget\" data-e-type=\"widget\" data-widget_type=\"heading.default\">\n\t\t\t\t<div class=\"elementor-widget-container\">\n\t\t\t\t\t<h2 class=\"elementor-heading-title elementor-size-default\">Standort und Kontaktdaten<\/h2>\t\t\t\t<\/div>\n\t\t\t\t<\/div>\n\t\t\t\t<div class=\"elementor-element elementor-element-7e6de10 elementor-icon-list--layout-traditional elementor-list-item-link-full_width elementor-widget elementor-widget-icon-list\" data-id=\"7e6de10\" data-element_type=\"widget\" data-e-type=\"widget\" data-widget_type=\"icon-list.default\">\n\t\t\t\t<div class=\"elementor-widget-container\">\n\t\t\t\t\t\t\t<ul class=\"elementor-icon-list-items\">\n\t\t\t\t\t\t\t<li class=\"elementor-icon-list-item\">\n\t\t\t\t\t\t\t\t\t\t\t<span class=\"elementor-icon-list-icon\">\n\t\t\t\t\t\t\t<i aria-hidden=\"true\" class=\"fas fa-map-marker-alt\"><\/i>\t\t\t\t\t\t<\/span>\n\t\t\t\t\t\t\t\t\t\t<span class=\"elementor-icon-list-text\">Schlachthofstra\u00dfe, 63 39100 Bozen<\/span>\n\t\t\t\t\t\t\t\t\t<\/li>\n\t\t\t\t\t\t\t\t<li class=\"elementor-icon-list-item\">\n\t\t\t\t\t\t\t\t\t\t\t<span class=\"elementor-icon-list-icon\">\n\t\t\t\t\t\t\t<i aria-hidden=\"true\" class=\"fas fa-phone-alt\"><\/i>\t\t\t\t\t\t<\/span>\n\t\t\t\t\t\t\t\t\t\t<span class=\"elementor-icon-list-text\">Tel. +39 0471 972511<\/span>\n\t\t\t\t\t\t\t\t\t<\/li>\n\t\t\t\t\t\t\t\t<li class=\"elementor-icon-list-item\">\n\t\t\t\t\t\t\t\t\t\t\t<span class=\"elementor-icon-list-icon\">\n\t\t\t\t\t\t\t<i aria-hidden=\"true\" class=\"fas fa-envelope-open-text\"><\/i>\t\t\t\t\t\t<\/span>\n\t\t\t\t\t\t\t\t\t\t<span class=\"elementor-icon-list-text\">info@eurofenster-snc.com<\/span>\n\t\t\t\t\t\t\t\t\t<\/li>\n\t\t\t\t\t\t<\/ul>\n\t\t\t\t\t\t<\/div>\n\t\t\t\t<\/div>\n\t\t\t\t<div class=\"elementor-element elementor-element-2e22545 elementor-widget elementor-widget-spacer\" data-id=\"2e22545\" data-element_type=\"widget\" data-e-type=\"widget\" data-widget_type=\"spacer.default\">\n\t\t\t\t<div class=\"elementor-widget-container\">\n\t\t\t\t\t\t\t<div class=\"elementor-spacer\">\n\t\t\t<div class=\"elementor-spacer-inner\"><\/div>\n\t\t<\/div>\n\t\t\t\t\t\t<\/div>\n\t\t\t\t<\/div>\n\t\t\t\t<div class=\"elementor-element elementor-element-d977ba8 elementor-widget elementor-widget-heading\" data-id=\"d977ba8\" data-element_type=\"widget\" data-e-type=\"widget\" data-widget_type=\"heading.default\">\n\t\t\t\t<div class=\"elementor-widget-container\">\n\t\t\t\t\t<h3 class=\"elementor-heading-title elementor-size-default\">\u00d6ffnungszeiten<\/h3>\t\t\t\t<\/div>\n\t\t\t\t<\/div>\n\t\t\t\t<div class=\"elementor-element elementor-element-3c8c078 elementor-icon-list--layout-traditional elementor-list-item-link-full_width elementor-widget elementor-widget-icon-list\" data-id=\"3c8c078\" data-element_type=\"widget\" data-e-type=\"widget\" data-widget_type=\"icon-list.default\">\n\t\t\t\t<div class=\"elementor-widget-container\">\n\t\t\t\t\t\t\t<ul class=\"elementor-icon-list-items\">\n\t\t\t\t\t\t\t<li class=\"elementor-icon-list-item\">\n\t\t\t\t\t\t\t\t\t\t\t<span class=\"elementor-icon-list-icon\">\n\t\t\t\t\t\t\t<i aria-hidden=\"true\" class=\"fas fa-clock\"><\/i>\t\t\t\t\t\t<\/span>\n\t\t\t\t\t\t\t\t\t\t<span class=\"elementor-icon-list-text\"> Mo - Fr: 8:00 - 17:30 <\/span>\n\t\t\t\t\t\t\t\t\t<\/li>\n\t\t\t\t\t\t\t\t<li class=\"elementor-icon-list-item\">\n\t\t\t\t\t\t\t\t\t\t\t<span class=\"elementor-icon-list-icon\">\n\t\t\t\t\t\t\t<i aria-hidden=\"true\" class=\"fas fa-clock\"><\/i>\t\t\t\t\t\t<\/span>\n\t\t\t\t\t\t\t\t\t\t<span class=\"elementor-icon-list-text\"> Sa - So: Geschlossen <\/span>\n\t\t\t\t\t\t\t\t\t<\/li>\n\t\t\t\t\t\t<\/ul>\n\t\t\t\t\t\t<\/div>\n\t\t\t\t<\/div>\n\t\t\t\t\t<\/div>\n\t\t<\/div>\n\t\t\t\t<div class=\"elementor-column elementor-col-50 elementor-top-column elementor-element elementor-element-17f5c699\" data-id=\"17f5c699\" data-element_type=\"column\" data-e-type=\"column\">\n\t\t\t<div class=\"elementor-widget-wrap elementor-element-populated\">\n\t\t\t\t\t\t<div class=\"elementor-element elementor-element-282cfcc elementor-hidden-desktop elementor-hidden-tablet elementor-hidden-mobile elementor-widget elementor-widget-google_maps\" data-id=\"282cfcc\" data-element_type=\"widget\" data-e-type=\"widget\" data-widget_type=\"google_maps.default\">\n\t\t\t\t<div class=\"elementor-widget-container\">\n\t\t\t\t\t\t\t<div class=\"elementor-custom-embed\">\n\t\t\t<iframe loading=\"lazy\"\n\t\t\t\t\tsrc=\"https:\/\/www.google.com\/maps\/embed\/v1\/place?key=AIzaSyCNZvCX96T8d6keQI-O_4iyg6E8YpmXkiI&#038;q=EUROFENSTER%20Via%20Macello%2C%2063-G%2039100%20Bolzano&#038;zoom=10\"\n\t\t\t\t\ttitle=\"EUROFENSTER Via Macello, 63-G 39100 Bolzano\"\n\t\t\t\t\taria-label=\"EUROFENSTER Via Macello, 63-G 39100 Bolzano\"\n\t\t\t><\/iframe>\n\t\t<\/div>\n\t\t\t\t\t\t<\/div>\n\t\t\t\t<\/div>\n\t\t\t\t\t<\/div>\n\t\t<\/div>\n\t\t\t\t\t<\/div>\n\t\t<\/section>\n\t\t\t\t<\/div>\n\t\t","protected":false},"excerpt":{"rendered":"<p>Kontakt Einbau von Fenstern und T\u00fcren in Bozen Standort und Kontaktdaten Schlachthofstra\u00dfe, 63 39100 Bozen Tel. +39 0471 972511 info@eurofenster-snc.com \u00d6ffnungszeiten Mo &#8211; Fr: 8:00 &#8211; 17:30 Sa &#8211; So: Geschlossen<\/p>\n","protected":false},"author":1,"featured_media":0,"parent":0,"menu_order":0,"comment_status":"closed","ping_status":"closed","template":"","meta":{"footnotes":""},"class_list":["post-6672","page","type-page","status-publish","hentry"],"yoast_head":"<!-- This site is optimized with the Yoast SEO plugin v27.4 - https:\/\/yoast.com\/product\/yoast-seo-wordpress\/ -->\n<title>Kontakt | Eurofenster<\/title>\n<meta name=\"robots\" content=\"index, follow, max-snippet:-1, max-image-preview:large, max-video-preview:-1\" \/>\n<link rel=\"canonical\" href=\"https:\/\/eurofenster-snc.it\/de\/kontakt\/\" \/>\n<meta property=\"og:locale\" content=\"de_DE\" \/>\n<meta property=\"og:type\" content=\"article\" \/>\n<meta property=\"og:title\" content=\"Kontakt | Eurofenster\" \/>\n<meta property=\"og:description\" content=\"Kontakt Einbau von Fenstern und T\u00fcren in Bozen Standort und Kontaktdaten Schlachthofstra\u00dfe, 63 39100 Bozen Tel. +39 0471 972511 info@eurofenster-snc.com \u00d6ffnungszeiten Mo &#8211; Fr: 8:00 &#8211; 17:30 Sa &#8211; So: Geschlossen\" \/>\n<meta property=\"og:url\" content=\"https:\/\/eurofenster-snc.it\/de\/kontakt\/\" \/>\n<meta property=\"og:site_name\" content=\"Eurofenster\" \/>\n<meta property=\"article:publisher\" content=\"https:\/\/www.facebook.com\/eurofensterbolzano\" \/>\n<meta property=\"article:modified_time\" content=\"2022-11-11T14:44:35+00:00\" \/>\n<meta property=\"og:image\" content=\"https:\/\/eurofenster-snc.it\/wp-content\/uploads\/2022\/04\/ALU-7Stars-View.webp\" \/>\n\t<meta property=\"og:image:width\" content=\"1240\" \/>\n\t<meta property=\"og:image:height\" content=\"466\" \/>\n\t<meta property=\"og:image:type\" content=\"image\/webp\" \/>\n<meta name=\"twitter:card\" content=\"summary_large_image\" \/>\n<script type=\"application\/ld+json\" class=\"yoast-schema-graph\">{\"@context\":\"https:\\\/\\\/schema.org\",\"@graph\":[{\"@type\":\"WebPage\",\"@id\":\"https:\\\/\\\/eurofenster-snc.it\\\/de\\\/kontakt\\\/\",\"url\":\"https:\\\/\\\/eurofenster-snc.it\\\/de\\\/kontakt\\\/\",\"name\":\"Kontakt | Eurofenster\",\"isPartOf\":{\"@id\":\"https:\\\/\\\/eurofenster-snc.it\\\/de\\\/#website\"},\"datePublished\":\"2022-03-04T13:23:52+00:00\",\"dateModified\":\"2022-11-11T14:44:35+00:00\",\"breadcrumb\":{\"@id\":\"https:\\\/\\\/eurofenster-snc.it\\\/de\\\/kontakt\\\/#breadcrumb\"},\"inLanguage\":\"de\",\"potentialAction\":[{\"@type\":\"ReadAction\",\"target\":[\"https:\\\/\\\/eurofenster-snc.it\\\/de\\\/kontakt\\\/\"]}]},{\"@type\":\"BreadcrumbList\",\"@id\":\"https:\\\/\\\/eurofenster-snc.it\\\/de\\\/kontakt\\\/#breadcrumb\",\"itemListElement\":[{\"@type\":\"ListItem\",\"position\":1,\"name\":\"Home\",\"item\":\"https:\\\/\\\/eurofenster-snc.it\\\/de\\\/\"},{\"@type\":\"ListItem\",\"position\":2,\"name\":\"Kontakt\"}]},{\"@type\":\"WebSite\",\"@id\":\"https:\\\/\\\/eurofenster-snc.it\\\/de\\\/#website\",\"url\":\"https:\\\/\\\/eurofenster-snc.it\\\/de\\\/\",\"name\":\"Eurofenster\",\"description\":\"Einbau von T\u00fcren und Fenstern in Bozen\",\"publisher\":{\"@id\":\"https:\\\/\\\/eurofenster-snc.it\\\/de\\\/#organization\"},\"potentialAction\":[{\"@type\":\"SearchAction\",\"target\":{\"@type\":\"EntryPoint\",\"urlTemplate\":\"https:\\\/\\\/eurofenster-snc.it\\\/de\\\/?s={search_term_string}\"},\"query-input\":{\"@type\":\"PropertyValueSpecification\",\"valueRequired\":true,\"valueName\":\"search_term_string\"}}],\"inLanguage\":\"de\"},{\"@type\":\"Organization\",\"@id\":\"https:\\\/\\\/eurofenster-snc.it\\\/de\\\/#organization\",\"name\":\"EUROFENSTER SNC DI ZANINI M. E FELLER M.\",\"url\":\"https:\\\/\\\/eurofenster-snc.it\\\/de\\\/\",\"logo\":{\"@type\":\"ImageObject\",\"inLanguage\":\"de\",\"@id\":\"https:\\\/\\\/eurofenster-snc.it\\\/de\\\/#\\\/schema\\\/logo\\\/image\\\/\",\"url\":\"https:\\\/\\\/eurofenster-snc.it\\\/wp-content\\\/uploads\\\/2022\\\/03\\\/EUROFENSTER-di-ZANINI-M.-FELLER-M.-snc-Bolzano-Logo-480w.png\",\"contentUrl\":\"https:\\\/\\\/eurofenster-snc.it\\\/wp-content\\\/uploads\\\/2022\\\/03\\\/EUROFENSTER-di-ZANINI-M.-FELLER-M.-snc-Bolzano-Logo-480w.png\",\"width\":350,\"height\":46,\"caption\":\"EUROFENSTER SNC DI ZANINI M. E FELLER M.\"},\"image\":{\"@id\":\"https:\\\/\\\/eurofenster-snc.it\\\/de\\\/#\\\/schema\\\/logo\\\/image\\\/\"},\"sameAs\":[\"https:\\\/\\\/www.facebook.com\\\/eurofensterbolzano\",\"https:\\\/\\\/www.instagram.com\\\/eurofenster.bolzano\\\/\"]}]}<\/script>\n<!-- \/ Yoast SEO plugin. -->","yoast_head_json":{"title":"Kontakt | Eurofenster","robots":{"index":"index","follow":"follow","max-snippet":"max-snippet:-1","max-image-preview":"max-image-preview:large","max-video-preview":"max-video-preview:-1"},"canonical":"https:\/\/eurofenster-snc.it\/de\/kontakt\/","og_locale":"de_DE","og_type":"article","og_title":"Kontakt | Eurofenster","og_description":"Kontakt Einbau von Fenstern und T\u00fcren in Bozen Standort und Kontaktdaten Schlachthofstra\u00dfe, 63 39100 Bozen Tel. +39 0471 972511 info@eurofenster-snc.com \u00d6ffnungszeiten Mo &#8211; Fr: 8:00 &#8211; 17:30 Sa &#8211; So: Geschlossen","og_url":"https:\/\/eurofenster-snc.it\/de\/kontakt\/","og_site_name":"Eurofenster","article_publisher":"https:\/\/www.facebook.com\/eurofensterbolzano","article_modified_time":"2022-11-11T14:44:35+00:00","og_image":[{"width":1240,"height":466,"url":"https:\/\/eurofenster-snc.it\/wp-content\/uploads\/2022\/04\/ALU-7Stars-View.webp","type":"image\/webp"}],"twitter_card":"summary_large_image","schema":{"@context":"https:\/\/schema.org","@graph":[{"@type":"WebPage","@id":"https:\/\/eurofenster-snc.it\/de\/kontakt\/","url":"https:\/\/eurofenster-snc.it\/de\/kontakt\/","name":"Kontakt | Eurofenster","isPartOf":{"@id":"https:\/\/eurofenster-snc.it\/de\/#website"},"datePublished":"2022-03-04T13:23:52+00:00","dateModified":"2022-11-11T14:44:35+00:00","breadcrumb":{"@id":"https:\/\/eurofenster-snc.it\/de\/kontakt\/#breadcrumb"},"inLanguage":"de","potentialAction":[{"@type":"ReadAction","target":["https:\/\/eurofenster-snc.it\/de\/kontakt\/"]}]},{"@type":"BreadcrumbList","@id":"https:\/\/eurofenster-snc.it\/de\/kontakt\/#breadcrumb","itemListElement":[{"@type":"ListItem","position":1,"name":"Home","item":"https:\/\/eurofenster-snc.it\/de\/"},{"@type":"ListItem","position":2,"name":"Kontakt"}]},{"@type":"WebSite","@id":"https:\/\/eurofenster-snc.it\/de\/#website","url":"https:\/\/eurofenster-snc.it\/de\/","name":"Eurofenster","description":"Einbau von T\u00fcren und Fenstern in Bozen","publisher":{"@id":"https:\/\/eurofenster-snc.it\/de\/#organization"},"potentialAction":[{"@type":"SearchAction","target":{"@type":"EntryPoint","urlTemplate":"https:\/\/eurofenster-snc.it\/de\/?s={search_term_string}"},"query-input":{"@type":"PropertyValueSpecification","valueRequired":true,"valueName":"search_term_string"}}],"inLanguage":"de"},{"@type":"Organization","@id":"https:\/\/eurofenster-snc.it\/de\/#organization","name":"EUROFENSTER SNC DI ZANINI M. E FELLER M.","url":"https:\/\/eurofenster-snc.it\/de\/","logo":{"@type":"ImageObject","inLanguage":"de","@id":"https:\/\/eurofenster-snc.it\/de\/#\/schema\/logo\/image\/","url":"https:\/\/eurofenster-snc.it\/wp-content\/uploads\/2022\/03\/EUROFENSTER-di-ZANINI-M.-FELLER-M.-snc-Bolzano-Logo-480w.png","contentUrl":"https:\/\/eurofenster-snc.it\/wp-content\/uploads\/2022\/03\/EUROFENSTER-di-ZANINI-M.-FELLER-M.-snc-Bolzano-Logo-480w.png","width":350,"height":46,"caption":"EUROFENSTER SNC DI ZANINI M. E FELLER M."},"image":{"@id":"https:\/\/eurofenster-snc.it\/de\/#\/schema\/logo\/image\/"},"sameAs":["https:\/\/www.facebook.com\/eurofensterbolzano","https:\/\/www.instagram.com\/eurofenster.bolzano\/"]}]}},"_links":{"self":[{"href":"https:\/\/eurofenster-snc.it\/de\/wp-json\/wp\/v2\/pages\/6672","targetHints":{"allow":["GET"]}}],"collection":[{"href":"https:\/\/eurofenster-snc.it\/de\/wp-json\/wp\/v2\/pages"}],"about":[{"href":"https:\/\/eurofenster-snc.it\/de\/wp-json\/wp\/v2\/types\/page"}],"author":[{"embeddable":true,"href":"https:\/\/eurofenster-snc.it\/de\/wp-json\/wp\/v2\/users\/1"}],"replies":[{"embeddable":true,"href":"https:\/\/eurofenster-snc.it\/de\/wp-json\/wp\/v2\/comments?post=6672"}],"version-history":[{"count":0,"href":"https:\/\/eurofenster-snc.it\/de\/wp-json\/wp\/v2\/pages\/6672\/revisions"}],"wp:attachment":[{"href":"https:\/\/eurofenster-snc.it\/de\/wp-json\/wp\/v2\/media?parent=6672"}],"curies":[{"name":"wp","href":"https:\/\/api.w.org\/{rel}","templated":true}]}}